{"id":171,"date":"2024-03-15T11:54:00","date_gmt":"2024-03-15T10:54:00","guid":{"rendered":"https:\/\/www.swg-gmbh.com\/?page_id=171"},"modified":"2024-08-07T16:47:17","modified_gmt":"2024-08-07T14:47:17","slug":"qualitaetsmanagement","status":"publish","type":"page","link":"https:\/\/www.swg-gmbh.com\/en\/company\/quality-management\/","title":{"rendered":"Quality management"},"content":{"rendered":"<p>Success has always been the goal of all entrepreneurial activity. In the pursuit of this goal, quality management has developed into a decisive management tool. The effectiveness of quality management must therefore be measured by the extent to which it contributes to the achievement of corporate goals. How can company-specific indicators be derived for this purpose and how can they be turned into effective management control and decision-making tools?<\/p>\n\n\n\n<h3 class=\"wp-block-heading\">CUSTOMER SATISFACTION<\/h3>\n\n\n\n<p>Customer satisfaction is the long-term basis for a trusting collaboration with the aim of meeting our customers' future requirements. It is our declared aim to fully meet customer expectations by working together at an early stage of development.<\/p>\n\n\n\n<h3 class=\"wp-block-heading\">COMPETITIVENESS<\/h3>\n\n\n\n<p>Targeted investment and the constant search for rate potential will enable us to remain competitive in the future. In order to meet the demands placed on us by our customers, we must be better in every respect than comparable providers in the global competition.<\/p>\n\n\n\n<div style=\"height:68px\" aria-hidden=\"true\" class=\"wp-block-spacer\"><\/div>\n\n\n\n<figure class=\"wp-block-image size-large\"><img loading=\"lazy\" decoding=\"async\" width=\"1024\" height=\"256\" src=\"https:\/\/www.swg-gmbh.com\/wp-content\/uploads\/2024\/08\/header_2-1024x256.jpg\" alt=\"header 2\" class=\"wp-image-362\" srcset=\"https:\/\/www.swg-gmbh.com\/wp-content\/uploads\/2024\/08\/header_2-1024x256.jpg 1024w, https:\/\/www.swg-gmbh.com\/wp-content\/uploads\/2024\/08\/header_2-300x75.jpg 300w, https:\/\/www.swg-gmbh.com\/wp-content\/uploads\/2024\/08\/header_2-768x192.jpg 768w, https:\/\/www.swg-gmbh.com\/wp-content\/uploads\/2024\/08\/header_2-1536x384.jpg 1536w, https:\/\/www.swg-gmbh.com\/wp-content\/uploads\/2024\/08\/header_2.jpg 2000w\" sizes=\"auto, (max-width: 1024px) 100vw, 1024px\" \/><\/figure>\n\n\n\n<div style=\"height:30px\" aria-hidden=\"true\" class=\"wp-block-spacer\"><\/div>\n\n\n\n<h3 class=\"wp-block-heading\">QUALITY RESPONSIBILITY<\/h3>\n\n\n\n<p>Providing services that meet requirements is the task and obligation of every employee. Everyone is responsible for the quality of the services they provide. Thought and action must be geared towards the requirements of internal and external customers. In the pursuit of flawlessness and the associated cost savings, continuous improvements must be emphatically demanded and encouraged.<\/p>\n\n\n\n<h3 class=\"wp-block-heading\">PARTNER SUPPLIER<\/h3>\n\n\n\n<p>The quality of our products is determined to a large extent by our suppliers. It is therefore imperative that we also constantly promote partnership-based cooperation with them.<\/p>\n\n\n\n<p><\/p>\n\n\n\n<h3 class=\"wp-block-heading\">EMPLOYEE SATISFACTION<\/h3>\n\n\n\n<p>An important part of our corporate culture is to utilize the full potential of our employees. The skills and qualifications of our employees are developed and maintained through further training measures and employee training courses. Furthermore, targets are agreed and monitored.<\/p>\n\n\n\n<div style=\"height:30px\" aria-hidden=\"true\" class=\"wp-block-spacer\"><\/div>\n\n\n\n<div class=\"wp-block-media-text is-stacked-on-mobile has-background\" style=\"background-color:#f2f2f2;grid-template-columns:37% auto\"><figure class=\"wp-block-media-text__media\"><img loading=\"lazy\" decoding=\"async\" width=\"900\" height=\"470\" src=\"https:\/\/www.swg-gmbh.com\/wp-content\/uploads\/2024\/03\/img_18.jpg\" alt=\"img 18\" class=\"wp-image-155 size-full\" srcset=\"https:\/\/www.swg-gmbh.com\/wp-content\/uploads\/2024\/03\/img_18.jpg 900w, https:\/\/www.swg-gmbh.com\/wp-content\/uploads\/2024\/03\/img_18-300x157.jpg 300w, https:\/\/www.swg-gmbh.com\/wp-content\/uploads\/2024\/03\/img_18-768x401.jpg 768w\" sizes=\"auto, (max-width: 900px) 100vw, 900px\" \/><\/figure><div class=\"wp-block-media-text__content\">\n<h4 class=\"wp-block-heading\">SWG WAS THE FIRST INDUSTRIAL COMPANY IN THE COUNTRY TO RECEIVE THE AWARD&nbsp;<a href=\"https:\/\/www.proficert.de\/\" target=\"_blank\" rel=\"noreferrer noopener\">PROFI-CERT<\/a>.<\/h4>\n<\/div><\/div>","protected":false},"excerpt":{"rendered":"<p>Erfolg ist seit jeher das Ziel allen unternehmerischen Handelns. Beim Anstreben dieses Zieles hat sich das Qualit\u00e4tsmanagement zu einem entscheidenden Management-Tool entwickelt. Deshalb muss sich die Wirksamkeit des Qualit\u00e4tsmanagements daran messen lassen, inwieweit es zum Erreichen der Unternehmensziele beitr\u00e4gt. Wie lassen sich hierzu unternehmensspezifische Indikatoren ableiten und wie werden diese zu effektiven Steuerungs- und Entscheidungsinstrumentarien [&hellip;]<\/p>","protected":false},"author":1,"featured_media":0,"parent":44,"menu_order":0,"comment_status":"closed","ping_status":"closed","template":"","meta":{"_acf_changed":false,"_seopress_robots_primary_cat":"","_seopress_titles_title":"","_seopress_titles_desc":"","_seopress_robots_index":"","footnotes":""},"class_list":["post-171","page","type-page","status-publish","hentry"],"acf":[],"_links":{"self":[{"href":"https:\/\/www.swg-gmbh.com\/en\/wp-json\/wp\/v2\/pages\/171","targetHints":{"allow":["GET"]}}],"collection":[{"href":"https:\/\/www.swg-gmbh.com\/en\/wp-json\/wp\/v2\/pages"}],"about":[{"href":"https:\/\/www.swg-gmbh.com\/en\/wp-json\/wp\/v2\/types\/page"}],"author":[{"embeddable":true,"href":"https:\/\/www.swg-gmbh.com\/en\/wp-json\/wp\/v2\/users\/1"}],"replies":[{"embeddable":true,"href":"https:\/\/www.swg-gmbh.com\/en\/wp-json\/wp\/v2\/comments?post=171"}],"version-history":[{"count":10,"href":"https:\/\/www.swg-gmbh.com\/en\/wp-json\/wp\/v2\/pages\/171\/revisions"}],"predecessor-version":[{"id":370,"href":"https:\/\/www.swg-gmbh.com\/en\/wp-json\/wp\/v2\/pages\/171\/revisions\/370"}],"up":[{"embeddable":true,"href":"https:\/\/www.swg-gmbh.com\/en\/wp-json\/wp\/v2\/pages\/44"}],"wp:attachment":[{"href":"https:\/\/www.swg-gmbh.com\/en\/wp-json\/wp\/v2\/media?parent=171"}],"curies":[{"name":"wp","href":"https:\/\/api.w.org\/{rel}","templated":true}]}}