{"id":175,"date":"2024-03-15T11:54:13","date_gmt":"2024-03-15T10:54:13","guid":{"rendered":"https:\/\/www.swg-gmbh.com\/?page_id=175"},"modified":"2024-08-07T16:48:59","modified_gmt":"2024-08-07T14:48:59","slug":"umwelt","status":"publish","type":"page","link":"https:\/\/www.swg-gmbh.com\/en\/company\/sustainability\/","title":{"rendered":"Environmental"},"content":{"rendered":"<h2 class=\"wp-block-heading\">ENVIRONMENTAL PROTECTION COSTS MONEY, THAT'S RIGHT.<\/h2>\n\n\n\n<p>But can we also face up to our responsibility towards future generations and benefit from it?<br>We meet the challenge arising from this responsibility by practicing an environmental management system that enables us to use raw materials and energy sparingly. Ecology and economy are not a contradiction, but one of the most important challenges for modern, economic activity.<\/p>\n\n\n\n<div style=\"height:24px\" aria-hidden=\"true\" class=\"wp-block-spacer\"><\/div>\n\n\n\n<figure class=\"wp-block-image size-full\"><img loading=\"lazy\" decoding=\"async\" width=\"900\" height=\"470\" src=\"https:\/\/www.swg-gmbh.com\/wp-content\/uploads\/2024\/03\/img_17.jpg\" alt=\"img 17\" class=\"wp-image-203\" srcset=\"https:\/\/www.swg-gmbh.com\/wp-content\/uploads\/2024\/03\/img_17.jpg 900w, https:\/\/www.swg-gmbh.com\/wp-content\/uploads\/2024\/03\/img_17-300x157.jpg 300w, https:\/\/www.swg-gmbh.com\/wp-content\/uploads\/2024\/03\/img_17-768x401.jpg 768w\" sizes=\"auto, (max-width: 900px) 100vw, 900px\" \/><\/figure>\n\n\n\n<p>In 2003, we introduced the environmental management system&nbsp;<strong>DIN EN 14001<\/strong>&nbsp;environmental management system with the declared aim of integrating environmental protection into company processes and reducing inefficiency.<\/p>\n\n\n\n<div style=\"height:58px\" aria-hidden=\"true\" class=\"wp-block-spacer\"><\/div>\n\n\n\n<div class=\"wp-block-media-text is-stacked-on-mobile is-image-fill\" style=\"grid-template-columns:40% auto\"><figure class=\"wp-block-media-text__media\" style=\"background-image:url(https:\/\/www.swg-gmbh.com\/wp-content\/uploads\/2024\/08\/umwelt-alu-spaehne-pressen-1024x768.jpg);background-position:50% 50%\"><img loading=\"lazy\" decoding=\"async\" width=\"1024\" height=\"768\" src=\"https:\/\/www.swg-gmbh.com\/wp-content\/uploads\/2024\/08\/umwelt-alu-spaehne-pressen-1024x768.jpg\" alt=\"umwelt alu spaehne pressen\" class=\"wp-image-349 size-full\" srcset=\"https:\/\/www.swg-gmbh.com\/wp-content\/uploads\/2024\/08\/umwelt-alu-spaehne-pressen-1024x768.jpg 1024w, https:\/\/www.swg-gmbh.com\/wp-content\/uploads\/2024\/08\/umwelt-alu-spaehne-pressen-300x225.jpg 300w, https:\/\/www.swg-gmbh.com\/wp-content\/uploads\/2024\/08\/umwelt-alu-spaehne-pressen-768x576.jpg 768w, https:\/\/www.swg-gmbh.com\/wp-content\/uploads\/2024\/08\/umwelt-alu-spaehne-pressen.jpg 1200w\" sizes=\"auto, (max-width: 1024px) 100vw, 1024px\" \/><\/figure><div class=\"wp-block-media-text__content\">\n<h3 class=\"wp-block-heading\">JUST ONE EXAMPLE OF HOW ENVIRONMENTAL MANAGEMENT CAN SAVE MONEY AND PROTECT THE ENVIRONMENT:<\/h3>\n\n\n\n<p>The chips produced during machining are processed into briquettes in a high-performance press and then sent for recycling. During the pressing process, any remaining cooling lubricants are separated and the volume of the aluminum chips is reduced by 80%. The pressed coolant is reused within the company and the costs for transporting the metals for remelting are significantly reduced, as are the number of truck journeys and the associated environmental impact.<\/p>\n<\/div><\/div>\n\n\n\n<div style=\"height:54px\" aria-hidden=\"true\" class=\"wp-block-spacer\"><\/div>\n\n\n\n<h4 class=\"wp-block-heading\">WE HAVE TAKEN THIS RESPONSIBILITY ON BOARD.<\/h4>","protected":false},"excerpt":{"rendered":"<p>UMWELTSCHUTZ KOSTET GELD, DAS IST RICHTIG. Aber kann man sich auch der Verantwortung gegen\u00fcber der n\u00e4chsten Generationen stellen und davon profitieren?Wir stellen uns der Herausforderung, die aus dieser Verantwortung entsteht, indem wir ein Umweltmanagementsystem praktizieren, das es erm\u00f6glicht, sparsam mit Rohstoffen und Energie umzugehen. \u00d6kologie und \u00d6konomie sind kein Gegensatz, sondern eine der wichtigsten Herausforderungen [&hellip;]<\/p>","protected":false},"author":1,"featured_media":0,"parent":44,"menu_order":0,"comment_status":"closed","ping_status":"closed","template":"","meta":{"_acf_changed":false,"_seopress_robots_primary_cat":"","_seopress_titles_title":"","_seopress_titles_desc":"","_seopress_robots_index":"","footnotes":""},"class_list":["post-175","page","type-page","status-publish","hentry"],"acf":[],"_links":{"self":[{"href":"https:\/\/www.swg-gmbh.com\/en\/wp-json\/wp\/v2\/pages\/175","targetHints":{"allow":["GET"]}}],"collection":[{"href":"https:\/\/www.swg-gmbh.com\/en\/wp-json\/wp\/v2\/pages"}],"about":[{"href":"https:\/\/www.swg-gmbh.com\/en\/wp-json\/wp\/v2\/types\/page"}],"author":[{"embeddable":true,"href":"https:\/\/www.swg-gmbh.com\/en\/wp-json\/wp\/v2\/users\/1"}],"replies":[{"embeddable":true,"href":"https:\/\/www.swg-gmbh.com\/en\/wp-json\/wp\/v2\/comments?post=175"}],"version-history":[{"count":10,"href":"https:\/\/www.swg-gmbh.com\/en\/wp-json\/wp\/v2\/pages\/175\/revisions"}],"predecessor-version":[{"id":374,"href":"https:\/\/www.swg-gmbh.com\/en\/wp-json\/wp\/v2\/pages\/175\/revisions\/374"}],"up":[{"embeddable":true,"href":"https:\/\/www.swg-gmbh.com\/en\/wp-json\/wp\/v2\/pages\/44"}],"wp:attachment":[{"href":"https:\/\/www.swg-gmbh.com\/en\/wp-json\/wp\/v2\/media?parent=175"}],"curies":[{"name":"wp","href":"https:\/\/api.w.org\/{rel}","templated":true}]}}