{"id":24,"date":"2024-02-08T10:56:01","date_gmt":"2024-02-08T09:56:01","guid":{"rendered":"https:\/\/www.swg-gmbh.com\/?page_id=24"},"modified":"2025-03-14T09:54:48","modified_gmt":"2025-03-14T08:54:48","slug":"impressum","status":"publish","type":"page","link":"https:\/\/www.swg-gmbh.com\/en\/legal\/","title":{"rendered":"Legal"},"content":{"rendered":"<p><strong><br>SWG Metallverarbeitung und Montagetechnik GmbH<\/strong><\/p>\n\n\n\n<p>Driedorfer Stra\u00dfe 1<br>D-35745 Herborn-Guntersdorf<br>Telefon +49 (0) 27 72 \/95 89-0<br>Telefax +49 (0) 27 72\/ 95 89 99<br>E-Mail:&nbsp;<a href=\"mailto:info@swg-gmbh.com\">info@swg-gmbh.com<\/a><\/p>\n\n\n\n<p><br>Gesch\u00e4ftsf\u00fchrer und inhaltlich verantwortlich gem\u00e4\u00df \u00a7 10 Absatz 3 MDStV:<br>Timo Schell (Anschrift wie oben)<\/p>\n\n\n\n<figure class=\"wp-block-table\"><table class=\"has-fixed-layout\"><tbody><tr><td>Handelsregister:<\/td><td>Amtsgericht Wetzlar HRB 4117<\/td><\/tr><tr><td>Finanzamt:<\/td><td>Gie\u00dfen<\/td><\/tr><tr><td>St.Nr.<\/td><td>02024395197<\/td><\/tr><tr><td>Ust-ID Nr.:<\/td><td>DE 112 632 217<\/td><\/tr><tr><td>Gesch\u00e4ftsf\u00fchrer:<\/td><td>Friedhelm Weyel<br>Thorsten Schell<br>Timo Schell<br>Stephan Diehl<br>Kerstin Heinze<\/td><\/tr><\/tbody><\/table><\/figure>\n\n\n\n<p><strong>Bankverbindungen:<\/strong><\/p>\n\n\n\n<p>Volksbank Dill eG<br>Kto-Nr. 601 770 07<br>BLZ: 516 900 00<br>SWITFT: DG RG DE-FF SGZ-BANK, FFM<br>IBAN: DE 37 5169 0000 0060 1 770 07<\/p>\n\n\n\n<p>Commerzbank Dillenburg<br>Kto-Nr. 1 693 613<br>BLZ: 516 400 43<br>SWITFT: COBA DE FF 516<br>IBAN: DE 41 5164 0043 0169 3613 00<strong><br><br><br>Webdesign und Programmierung<br><br><\/strong>ideegrafik kreativagentur GmbH<br>Kalkwerk 6a<br>35756 Mittenaar-Offenbach<br>Tel.: 02778 - 69 68 - 0<strong><br><\/strong><a href=\"https:\/\/ideegrafik.de\/\" target=\"_blank\" rel=\"noreferrer noopener\">www.ideegrafik.de<\/a><\/p>\n\n\n\n<hr class=\"wp-block-separator has-alpha-channel-opacity\"\/>\n\n\n\n<p><strong>Haftungsauschluss:<\/strong><\/p>\n\n\n\n<p>\"Das Landgericht Hamburg hat mit dem Urteil vom 12.05.1998 entschieden, dass man durch die Ausbringung eines Links die Inhalte der gelinkten Seite ggf. mit zu verantworten hat. Dies kann - so das LG - nur dadurch verhindert werden, dass man sich ausdr\u00fccklich von diesen Inhalten distanziert. Wir haben auf unserer Page Links zu anderen Seiten im Internet gelegt.<\/p>\n\n\n\n<p>Wir m\u00f6chten ausdr\u00fccklich betonen, dass wir keinerlei Einfluss auf die Gestaltung und die Inhalte der gelinkten Seiten haben. Deshalb distanzieren wir uns hiermit ausdr\u00fccklich von den Inhalten aller gelinkten Seiten auf unserer gesamten Website inkl. aller Unterseiten. Diese Erkl\u00e4rung gilt f\u00fcr alle auf unserer Homepage ausgebrachten Links und f\u00fcr alle Inhalte der Seiten, zu denen Links oder Banner f\u00fchren.\"<br><br>Trotz sorgf\u00e4ltiger inhaltlicher Kontrolle \u00fcbernehmen wir keinerlei Haftung f\u00fcr die Inhalte externer Links. F\u00fcr den Inhalt der verlinkten Seiten sind ausschlie\u00dflich deren Betreiber und Autoren verantwortlich.<br><br>Die hier ver\u00f6ffentlichten Texte, Bilder, Grafiken, Quellcode sowie Layout unterliegen dem Urheberrecht und sind, soweit nicht anders angegeben Eigentum der Firma SWG Metallverarbeitung und Montagetechnik GmbH bzw. Eigentum der Werbeagentur (Ideegrafik.de). Eine Entwendung, Verwendung, Kopie oder Weitergabe einzelner Inhalte oder der kompletten Seite ist ohne eine schriftliche Erlaubnis unsererseits nicht gestattet. Sollte dennoch ein dementsprechendes Vergehen festgestellt werden, werden wir uns vorbehalten rechtliche (Straf- und\/oder Zivilrechtliche) Schritte einzuleiten. Sollten Sie eine Entwendung unserer Daten (Texte, Bilder oder Grafiken) festgestellt haben, so kontaktieren Sie uns bitte unter:&nbsp;<a href=\"mailto:info@swg-gmbh.com\" data-type=\"mailto\" data-id=\"mailto:info@swg-gmbh.com\">info@swg-gmbh.com<\/a><br><strong>Deutsches Urheberrecht:<\/strong><\/p>\n\n\n\n<p>Die Ver\u00f6ffentlichungen auf dieser Seite unterliegem deutschem Urheberrecht. Vervielf\u00e4ltigung, Bearbeitung und jede Art der Verwertung au\u00dferhalb des Urheberrechtes bed\u00fcrfen der schriftlichen Zustimmung der Firma SWG Metallverarbeitung und Montagetechnik GmbH.<br>Copyright (c) 2014 by SWG Metallverarbeitung und Montagetechnik GmbH. Alle Rechte vorbehalten.<\/p>","protected":false},"excerpt":{"rendered":"<p>SWG Metallverarbeitung und Montagetechnik GmbH Driedorfer Stra\u00dfe 1D-35745 Herborn-GuntersdorfTelefon +49 (0) 27 72 \/95 89-0Telefax +49 (0) 27 72\/ 95 89 99E-Mail:&nbsp;info@swg-gmbh.com Gesch\u00e4ftsf\u00fchrer und inhaltlich verantwortlich gem\u00e4\u00df \u00a7 10 Absatz 3 MDStV:Timo Schell (Anschrift wie oben) Handelsregister: Amtsgericht Wetzlar HRB 4117 Finanzamt: Gie\u00dfen St.Nr. 02024395197 Ust-ID Nr.: DE 112 632 217 Gesch\u00e4ftsf\u00fchrer: Friedhelm WeyelThorsten SchellTimo [&hellip;]<\/p>","protected":false},"author":1,"featured_media":0,"parent":0,"menu_order":0,"comment_status":"closed","ping_status":"closed","template":"","meta":{"_acf_changed":false,"_seopress_robots_primary_cat":"","_seopress_titles_title":"","_seopress_titles_desc":"","_seopress_robots_index":"","footnotes":""},"class_list":["post-24","page","type-page","status-publish","hentry"],"acf":[],"_links":{"self":[{"href":"https:\/\/www.swg-gmbh.com\/en\/wp-json\/wp\/v2\/pages\/24","targetHints":{"allow":["GET"]}}],"collection":[{"href":"https:\/\/www.swg-gmbh.com\/en\/wp-json\/wp\/v2\/pages"}],"about":[{"href":"https:\/\/www.swg-gmbh.com\/en\/wp-json\/wp\/v2\/types\/page"}],"author":[{"embeddable":true,"href":"https:\/\/www.swg-gmbh.com\/en\/wp-json\/wp\/v2\/users\/1"}],"replies":[{"embeddable":true,"href":"https:\/\/www.swg-gmbh.com\/en\/wp-json\/wp\/v2\/comments?post=24"}],"version-history":[{"count":5,"href":"https:\/\/www.swg-gmbh.com\/en\/wp-json\/wp\/v2\/pages\/24\/revisions"}],"predecessor-version":[{"id":385,"href":"https:\/\/www.swg-gmbh.com\/en\/wp-json\/wp\/v2\/pages\/24\/revisions\/385"}],"wp:attachment":[{"href":"https:\/\/www.swg-gmbh.com\/en\/wp-json\/wp\/v2\/media?parent=24"}],"curies":[{"name":"wp","href":"https:\/\/api.w.org\/{rel}","templated":true}]}}